{"id":412,"date":"2018-05-25T14:19:22","date_gmt":"2018-05-25T14:19:22","guid":{"rendered":"http:\/\/aenjoytravel.net\/?page_id=412"},"modified":"2018-10-11T08:39:11","modified_gmt":"2018-10-11T08:39:11","slug":"dream-big","status":"publish","type":"page","link":"https:\/\/aenjoytravel.net\/en\/projects\/dream-big\/","title":{"rendered":"DREAM BIG"},"content":{"rendered":"<div id=\"td_uid_1_69d4f4a06993d\" class=\"tdc-row\"><div class=\"vc_row td_uid_1_69d4f4a069948_rand  wpb_row td-pb-row\" >\n<style scoped>\n\n\/* custom css *\/\n.td_uid_1_69d4f4a069948_rand {\r\n                    min-height: 0;\r\n                }\n<\/style><div class=\"vc_column td_uid_2_69d4f4a069d0a_rand  wpb_column vc_column_container tdc-column td-pb-span12\">\n<style scoped>\n\n\/* custom css *\/\n.td_uid_2_69d4f4a069d0a_rand {\r\n                    vertical-align: baseline;\r\n                }\n<\/style><div class=\"wpb_wrapper\"><div class=\"td_block_wrap td_block_text_with_title td_uid_3_69d4f4a069f92_rand td-pb-border-top td_block_template_5\"  data-td-block-uid=\"td_uid_3_69d4f4a069f92\" ><div class=\"td-block-title-wrap\"><h4 class=\"td-block-title\"><span class=\"td-pulldown-size\">DREAM BIG<\/span><\/h4><\/div><div class=\"td_mod_wrap td-fix-index\"><p><img decoding=\"async\" class=\"alignright wp-image-298 size-full lazyload\" src=\"data:image\/gif;base64,R0lGODlhAQABAIAAAAAAAP\/\/\/yH5BAEAAAAALAAAAAABAAEAAAIBRAA7\" data-src=\"http:\/\/aenjoytravel.net\/wp-content\/uploads\/2018\/05\/95f7c61adb7b4edfc7b084c78fe6fcb5.jpg\" alt=\"\" width=\"564\" height=\"379\" data-srcset=\"https:\/\/aenjoytravel.net\/wp-content\/uploads\/2018\/05\/95f7c61adb7b4edfc7b084c78fe6fcb5.jpg 564w, https:\/\/aenjoytravel.net\/wp-content\/uploads\/2018\/05\/95f7c61adb7b4edfc7b084c78fe6fcb5-300x202.jpg 300w\" sizes=\"(max-width: 564px) 100vw, 564px\" \/><noscript><img decoding=\"async\" class=\"alignright wp-image-298 size-full lazyload\" src=\"http:\/\/aenjoytravel.net\/wp-content\/uploads\/2018\/05\/95f7c61adb7b4edfc7b084c78fe6fcb5.jpg\" alt=\"\" width=\"564\" height=\"379\" srcset=\"https:\/\/aenjoytravel.net\/wp-content\/uploads\/2018\/05\/95f7c61adb7b4edfc7b084c78fe6fcb5.jpg 564w, https:\/\/aenjoytravel.net\/wp-content\/uploads\/2018\/05\/95f7c61adb7b4edfc7b084c78fe6fcb5-300x202.jpg 300w\" sizes=\"(max-width: 564px) 100vw, 564px\" \/><\/noscript><span id=\"result_box\" class=\"\" lang=\"en\" tabindex=\"-1\"><span title=\"Ognuno di noi ha un sogno nel cassetto.\">Each of us has a dream in the drawer. <\/span><span title=\"E c\u2019\u00e8 anche chi ne ha un grosso baule pieno zeppo.&lt;br \/&gt;\">And there are those who have a big trunk full of them.<br \/>\n<\/span><span title=\"C\u2019\u00e8 chi lo rincorre per tutta la vita, per poi rendersi conto che lo stava cercando nel posto sbagliato.\">Someone chases him for life, only to realize that he was looking for him in the wrong place. <\/span><span title=\"E c\u2019\u00e8 chi resta, annoiato, in attesa di un segnale per iniziare a realizzarlo.\">And there are those who remain, bored, waiting for a signal to start making it happen. <\/span><span title=\"C\u2019\u00e8 chi ne fa una missione, e realizza cose incredibili mentre prova a raggiungere il suo obiettivo.\">There are those who make a mission, and realize incredible things while trying to reach their goal. <\/span><span title=\"C\u2019\u00e8 chi se ne dimentica e lascia depositarci sopra un fitto strato di polvere, per poi ricordarsene forse troppo tardi.\">Some people forget it and leave a thick layer of dust on it, and then maybe it&#8217;s too late. <\/span><span title=\"C\u2019\u00e8 chi lo nasconde e non da importanza ai segnali che continua a mandarti: la mancanza di entusiasmo, la stanchezza, la paura del futuro.&lt;\/p&gt;\n&lt;p&gt;\">There are those who hide it and don&#8217;t give importance to the signals that keeps sending you: the lack of enthusiasm, the tiredness, the fear of the future.<\/span><\/span><\/p>\n<p><span title=\"Per realizzare i propri sogni bisogna ribellarsi.\">To realize one&#8217;s dreams one must rebel. <\/span><span title=\"Bisogna liberarsi dai mattoni che appesantiscono la nostra mente: i pregiudizi, le paure e le incertezze, la falsa sicurezza di un futuro certo, il conformismo, il tradizionalismo, e a volte anche i legami affettivi.\">We must free ourselves from the bricks that weigh down our mind: prejudices, fears and uncertainties, the false security of a certain future, conformism, traditionalism, and sometimes even emotional ties. <\/span><span title=\"Bisogna essere, in un certo senso, liberi.\">We must be free in a certain sense. <\/span><span title=\"E dal momento che si acquisisce questa consapevolezza, allora si pu\u00f2 iniziare a mettere in pratica il proprio sogno.\">And since you acquire this awareness, then you can start putting your dream into practice. <\/span><span title=\"Ed in questo momento che inizia la nostra vera rivoluzione.&lt;\/p&gt;\n&lt;p&gt;\">And at this moment our true revolution begins.<\/span><\/p>\n<p><span title=\"Il nostro obiettivo, oltre a cercare di realizzare tutti i nostri sogni ed essere cos\u00ec di ispirazione per le persone, \u00e8 di proporgli di riconoscere e di ricordare il proprio sogno nel cassetto, il motivo per cui sono venuti al mondo, l'essenza stessa della\">Our goal, in addition to trying to achieve all our dreams and be an inspiration for people, is to encourage them to recognize and remember their dreams, the reason why they came to the world, the essence of the <\/span><span title=\"loro esistenza.&lt;br \/&gt;\">their existence.<br \/>\n<\/span><span title=\"E per fare questo ci siamo muniti di carta e penna: chiederemo semplicemente di scrivercelo.\">And to do this we have a pen and paper: we will simply ask to write it down. <\/span><span title=\"Forse, cos\u00ec facendo, li renderemo pi\u00f9 consapevoli della loro volont\u00e0, e li stimoleremo a perseguire la loro strada per la felicit\u00e0.&lt;br \/&gt;\">Perhaps by doing so, we will make them more aware of their will, and we will stimulate them to pursue their path to happiness.<br \/>\n<\/span><span title=\"E resteremo per sempre i custodi del loro prezioso sogno!\">And we will always remain the guardians of their precious dream!<\/span><\/p>\n<h3 style=\"text-align: center;\">&#8220;There are those who dream of dominating the world and those who devote their whole life to the creation of a sword. And if there is a dream to sacrifice all of themselves, there is also a dream like a storm that sweeps away thousands of other dreams. With no relation to social status, class, background, whether it suits them or not, people yearn for a dream. Sustained by a dream, hurt by a dream, revived by a dream, killed by a dream. And even after being abandoned by a dream, it continues to smolder from the bottom of one&#8217;s heart, probably until the verge of death. A man should envision such a lifetime once. A life spent as a martyr&#8230;to the God named &#8220;Dream.&#8221;<br \/>\nBerserk<em><br \/>\n<\/em><\/h3>\n<\/div><\/div><\/div><\/div><\/div><\/div><div id=\"td_uid_3_69d4f4a06af2d\" class=\"tdc-row\"><div class=\"vc_row td_uid_4_69d4f4a06af34_rand  wpb_row td-pb-row\" >\n<style scoped>\n\n\/* custom css *\/\n.td_uid_4_69d4f4a06af34_rand {\r\n                    min-height: 0;\r\n                }\n<\/style><div class=\"vc_column td_uid_5_69d4f4a06b0e3_rand  wpb_column vc_column_container tdc-column td-pb-span12\">\n<style scoped>\n\n\/* custom css *\/\n.td_uid_5_69d4f4a06b0e3_rand {\r\n                    vertical-align: baseline;\r\n                }\n<\/style><div class=\"wpb_wrapper\"><div class=\"td_block_wrap td_block_big_grid_5 td_uid_6_69d4f4a06b23b_rand td-grid-style-1 td-hover-1 td-big-grids td-pb-border-top td_block_template_5 tdc-no-posts\"  data-td-block-uid=\"td_uid_6_69d4f4a06b23b\" ><div id=td_uid_6_69d4f4a06b23b class=\"td_block_inner\"><div class=\"clearfix\"><\/div><\/div><\/div> <!-- .\/block --><\/div><\/div><\/div><\/div>","protected":false},"excerpt":{"rendered":"","protected":false},"author":1,"featured_media":0,"parent":435,"menu_order":0,"comment_status":"closed","ping_status":"closed","template":"","meta":{"_mi_skip_tracking":false,"spay_email":"","footnotes":""},"yoast_head":"<!-- This site is optimized with the Yoast SEO plugin v17.7 - https:\/\/yoast.com\/wordpress\/plugins\/seo\/ -->\n<meta name=\"robots\" content=\"index, follow, max-snippet:-1, max-image-preview:large, max-video-preview:-1\" \/>\n<link rel=\"canonical\" href=\"https:\/\/aenjoytravel.net\/en\/projects\/dream-big\/\" \/>\n<meta property=\"og:locale\" content=\"en_US\" \/>\n<meta property=\"og:type\" content=\"article\" \/>\n<meta property=\"og:title\" content=\"DREAM BIG | AEnjoytravel\" \/>\n<meta property=\"og:url\" content=\"https:\/\/aenjoytravel.net\/en\/projects\/dream-big\/\" \/>\n<meta property=\"og:site_name\" content=\"AEnjoytravel\" \/>\n<meta property=\"article:publisher\" content=\"https:\/\/www.facebook.com\/aenjoytravel\" \/>\n<meta property=\"article:modified_time\" content=\"2018-10-11T08:39:11+00:00\" \/>\n<meta property=\"og:image\" content=\"http:\/\/aenjoytravel.net\/wp-content\/uploads\/2018\/05\/95f7c61adb7b4edfc7b084c78fe6fcb5.jpg\" \/>\n<meta name=\"twitter:card\" content=\"summary_large_image\" \/>\n<meta name=\"twitter:label1\" content=\"Est. reading time\" \/>\n\t<meta name=\"twitter:data1\" content=\"2 minutes\" \/>\n<script type=\"application\/ld+json\" class=\"yoast-schema-graph\">{\"@context\":\"https:\/\/schema.org\",\"@graph\":[{\"@type\":\"Organization\",\"@id\":\"https:\/\/aenjoytravel.net\/#organization\",\"name\":\"AEnjoytravel\",\"url\":\"https:\/\/aenjoytravel.net\/\",\"sameAs\":[\"https:\/\/www.facebook.com\/aenjoytravel\",\"https:\/\/www.instagram.com\/aenjoytravel\/\"],\"logo\":{\"@type\":\"ImageObject\",\"@id\":\"https:\/\/aenjoytravel.net\/#logo\",\"inLanguage\":\"en-US\",\"url\":\"http:\/\/aenjoytravel.net\/wp-content\/uploads\/2018\/05\/logo_official.png\",\"contentUrl\":\"http:\/\/aenjoytravel.net\/wp-content\/uploads\/2018\/05\/logo_official.png\",\"width\":900,\"height\":210,\"caption\":\"AEnjoytravel\"},\"image\":{\"@id\":\"https:\/\/aenjoytravel.net\/#logo\"}},{\"@type\":\"WebSite\",\"@id\":\"https:\/\/aenjoytravel.net\/#website\",\"url\":\"https:\/\/aenjoytravel.net\/\",\"name\":\"AEnjoytravel\",\"description\":\"Be curious. Be dreamers. Be travellers.\",\"publisher\":{\"@id\":\"https:\/\/aenjoytravel.net\/#organization\"},\"potentialAction\":[{\"@type\":\"SearchAction\",\"target\":{\"@type\":\"EntryPoint\",\"urlTemplate\":\"https:\/\/aenjoytravel.net\/?s={search_term_string}\"},\"query-input\":\"required name=search_term_string\"}],\"inLanguage\":\"en-US\"},{\"@type\":\"ImageObject\",\"@id\":\"https:\/\/aenjoytravel.net\/en\/projects\/dream-big\/#primaryimage\",\"inLanguage\":\"en-US\",\"url\":\"http:\/\/aenjoytravel.net\/wp-content\/uploads\/2018\/05\/95f7c61adb7b4edfc7b084c78fe6fcb5.jpg\",\"contentUrl\":\"http:\/\/aenjoytravel.net\/wp-content\/uploads\/2018\/05\/95f7c61adb7b4edfc7b084c78fe6fcb5.jpg\"},{\"@type\":\"WebPage\",\"@id\":\"https:\/\/aenjoytravel.net\/en\/projects\/dream-big\/#webpage\",\"url\":\"https:\/\/aenjoytravel.net\/en\/projects\/dream-big\/\",\"name\":\"DREAM BIG | AEnjoytravel\",\"isPartOf\":{\"@id\":\"https:\/\/aenjoytravel.net\/#website\"},\"primaryImageOfPage\":{\"@id\":\"https:\/\/aenjoytravel.net\/en\/projects\/dream-big\/#primaryimage\"},\"datePublished\":\"2018-05-25T14:19:22+00:00\",\"dateModified\":\"2018-10-11T08:39:11+00:00\",\"breadcrumb\":{\"@id\":\"https:\/\/aenjoytravel.net\/en\/projects\/dream-big\/#breadcrumb\"},\"inLanguage\":\"en-US\",\"potentialAction\":[{\"@type\":\"ReadAction\",\"target\":[\"https:\/\/aenjoytravel.net\/en\/projects\/dream-big\/\"]}]},{\"@type\":\"BreadcrumbList\",\"@id\":\"https:\/\/aenjoytravel.net\/en\/projects\/dream-big\/#breadcrumb\",\"itemListElement\":[{\"@type\":\"ListItem\",\"position\":1,\"name\":\"Home\",\"item\":\"https:\/\/aenjoytravel.net\/en\/\"},{\"@type\":\"ListItem\",\"position\":2,\"name\":\"PROJECTS\",\"item\":\"https:\/\/aenjoytravel.net\/en\/projects\/\"},{\"@type\":\"ListItem\",\"position\":3,\"name\":\"DREAM BIG\"}]}]}<\/script>\n<!-- \/ Yoast SEO plugin. -->","yoast_head_json":{"robots":{"index":"index","follow":"follow","max-snippet":"max-snippet:-1","max-image-preview":"max-image-preview:large","max-video-preview":"max-video-preview:-1"},"canonical":"https:\/\/aenjoytravel.net\/en\/projects\/dream-big\/","og_locale":"en_US","og_type":"article","og_title":"DREAM BIG | AEnjoytravel","og_url":"https:\/\/aenjoytravel.net\/en\/projects\/dream-big\/","og_site_name":"AEnjoytravel","article_publisher":"https:\/\/www.facebook.com\/aenjoytravel","article_modified_time":"2018-10-11T08:39:11+00:00","og_image":[{"url":"http:\/\/aenjoytravel.net\/wp-content\/uploads\/2018\/05\/95f7c61adb7b4edfc7b084c78fe6fcb5.jpg"}],"twitter_card":"summary_large_image","twitter_misc":{"Est. reading time":"2 minutes"},"schema":{"@context":"https:\/\/schema.org","@graph":[{"@type":"Organization","@id":"https:\/\/aenjoytravel.net\/#organization","name":"AEnjoytravel","url":"https:\/\/aenjoytravel.net\/","sameAs":["https:\/\/www.facebook.com\/aenjoytravel","https:\/\/www.instagram.com\/aenjoytravel\/"],"logo":{"@type":"ImageObject","@id":"https:\/\/aenjoytravel.net\/#logo","inLanguage":"en-US","url":"http:\/\/aenjoytravel.net\/wp-content\/uploads\/2018\/05\/logo_official.png","contentUrl":"http:\/\/aenjoytravel.net\/wp-content\/uploads\/2018\/05\/logo_official.png","width":900,"height":210,"caption":"AEnjoytravel"},"image":{"@id":"https:\/\/aenjoytravel.net\/#logo"}},{"@type":"WebSite","@id":"https:\/\/aenjoytravel.net\/#website","url":"https:\/\/aenjoytravel.net\/","name":"AEnjoytravel","description":"Be curious. Be dreamers. Be travellers.","publisher":{"@id":"https:\/\/aenjoytravel.net\/#organization"},"potentialAction":[{"@type":"SearchAction","target":{"@type":"EntryPoint","urlTemplate":"https:\/\/aenjoytravel.net\/?s={search_term_string}"},"query-input":"required name=search_term_string"}],"inLanguage":"en-US"},{"@type":"ImageObject","@id":"https:\/\/aenjoytravel.net\/en\/projects\/dream-big\/#primaryimage","inLanguage":"en-US","url":"http:\/\/aenjoytravel.net\/wp-content\/uploads\/2018\/05\/95f7c61adb7b4edfc7b084c78fe6fcb5.jpg","contentUrl":"http:\/\/aenjoytravel.net\/wp-content\/uploads\/2018\/05\/95f7c61adb7b4edfc7b084c78fe6fcb5.jpg"},{"@type":"WebPage","@id":"https:\/\/aenjoytravel.net\/en\/projects\/dream-big\/#webpage","url":"https:\/\/aenjoytravel.net\/en\/projects\/dream-big\/","name":"DREAM BIG | AEnjoytravel","isPartOf":{"@id":"https:\/\/aenjoytravel.net\/#website"},"primaryImageOfPage":{"@id":"https:\/\/aenjoytravel.net\/en\/projects\/dream-big\/#primaryimage"},"datePublished":"2018-05-25T14:19:22+00:00","dateModified":"2018-10-11T08:39:11+00:00","breadcrumb":{"@id":"https:\/\/aenjoytravel.net\/en\/projects\/dream-big\/#breadcrumb"},"inLanguage":"en-US","potentialAction":[{"@type":"ReadAction","target":["https:\/\/aenjoytravel.net\/en\/projects\/dream-big\/"]}]},{"@type":"BreadcrumbList","@id":"https:\/\/aenjoytravel.net\/en\/projects\/dream-big\/#breadcrumb","itemListElement":[{"@type":"ListItem","position":1,"name":"Home","item":"https:\/\/aenjoytravel.net\/en\/"},{"@type":"ListItem","position":2,"name":"PROJECTS","item":"https:\/\/aenjoytravel.net\/en\/projects\/"},{"@type":"ListItem","position":3,"name":"DREAM BIG"}]}]}},"jetpack_sharing_enabled":true,"jetpack_shortlink":"https:\/\/wp.me\/P9ScA6-6E","_links":{"self":[{"href":"https:\/\/aenjoytravel.net\/en\/wp-json\/wp\/v2\/pages\/412\/"}],"collection":[{"href":"https:\/\/aenjoytravel.net\/en\/wp-json\/wp\/v2\/pages\/"}],"about":[{"href":"https:\/\/aenjoytravel.net\/en\/wp-json\/wp\/v2\/types\/page\/"}],"author":[{"embeddable":true,"href":"https:\/\/aenjoytravel.net\/en\/wp-json\/wp\/v2\/users\/1\/"}],"replies":[{"embeddable":true,"href":"https:\/\/aenjoytravel.net\/en\/wp-json\/wp\/v2\/comments\/?post=412"}],"version-history":[{"count":6,"href":"https:\/\/aenjoytravel.net\/en\/wp-json\/wp\/v2\/pages\/412\/revisions\/"}],"predecessor-version":[{"id":637,"href":"https:\/\/aenjoytravel.net\/en\/wp-json\/wp\/v2\/pages\/412\/revisions\/637\/"}],"up":[{"embeddable":true,"href":"https:\/\/aenjoytravel.net\/en\/wp-json\/wp\/v2\/pages\/435\/"}],"wp:attachment":[{"href":"https:\/\/aenjoytravel.net\/en\/wp-json\/wp\/v2\/media\/?parent=412"}],"curies":[{"name":"wp","href":"https:\/\/api.w.org\/{rel}","templated":true}]}}